{"id":848,"date":"2021-01-05T03:43:32","date_gmt":"2021-01-05T03:43:32","guid":{"rendered":"http:\/\/tecnologico.usac.edu.gt\/?page_id=848"},"modified":"2021-01-05T03:43:33","modified_gmt":"2021-01-05T03:43:33","slug":"maestria-analisis-y-visualizacion-de-datos-masivos-2","status":"publish","type":"page","link":"https:\/\/tecnologico.usac.edu.gt\/?page_id=848","title":{"rendered":"Maestr\u00eda An\u00e1lisis y Visualizaci\u00f3n de datos masivos"},"content":{"rendered":"\n<h2 class=\"wp-block-heading\"><strong><span class=\"has-inline-color has-vivid-cyan-blue-color\">Maestr\u00eda An\u00e1lisis Y Visualizaci\u00f3n De Datos Masivos<\/span><\/strong><\/h2>\n\n\n\n<figure class=\"wp-block-gallery columns-1 is-cropped wp-block-gallery-1 is-layout-flex wp-block-gallery-is-layout-flex\"><ul class=\"blocks-gallery-grid\"><li class=\"blocks-gallery-item\"><figure><a href=\"https:\/\/tecnologico.usac.edu.gt\/wp-content\/uploads\/2021\/01\/BigData2.png\"><img fetchpriority=\"high\" decoding=\"async\" width=\"901\" height=\"402\" src=\"https:\/\/tecnologico.usac.edu.gt\/wp-content\/uploads\/2021\/01\/BigData2.png\" alt=\"\" data-id=\"849\" data-full-url=\"https:\/\/tecnologico.usac.edu.gt\/wp-content\/uploads\/2021\/01\/BigData2.png\" data-link=\"https:\/\/tecnologico.usac.edu.gt\/?attachment_id=849\" class=\"wp-image-849\" srcset=\"https:\/\/tecnologico.usac.edu.gt\/wp-content\/uploads\/2021\/01\/BigData2.png 901w, https:\/\/tecnologico.usac.edu.gt\/wp-content\/uploads\/2021\/01\/BigData2-300x134.png 300w, https:\/\/tecnologico.usac.edu.gt\/wp-content\/uploads\/2021\/01\/BigData2-768x343.png 768w\" sizes=\"(max-width: 901px) 100vw, 901px\" \/><\/a><\/figure><\/li><\/ul><\/figure>\n\n\n\n<div class=\"wp-block-group alignfull\"><div class=\"wp-block-group__inner-container is-layout-flow wp-block-group-is-layout-flow\">\n<div class=\"wp-block-columns is-layout-flex wp-container-core-columns-is-layout-1 wp-block-columns-is-layout-flex\">\n<div class=\"wp-block-column is-layout-flow wp-block-column-is-layout-flow\">\n<h2 class=\"wp-block-heading\">Perfil Profesional<\/h2>\n<\/div>\n\n\n\n<div class=\"wp-block-column is-layout-flow wp-block-column-is-layout-flow\">\n<p><strong>El M\u00e1ster Universitario en Visual Analytics and Big Data te formar\u00e1 como un profesional capaz de dise\u00f1ar e implementar sistemas que monitoricen un proceso, extraigan informaci\u00f3n relevante del mismo y la comuniquen de manera elocuente y eficiente.<\/strong><br><\/p>\n<\/div>\n\n\n\n<div class=\"wp-block-column is-layout-flow wp-block-column-is-layout-flow\">\n<p>Gracias a este m\u00e1ster universitario, manejar\u00e1s a la perfecci\u00f3n las tres t\u00e9cnicas clave: captura y almacenamiento de informaci\u00f3n, miner\u00eda de datos para el an\u00e1lisis inteligente y visualizaci\u00f3n de la informaci\u00f3n. M\u00e1ster incluido en el \u201cTop 5 M\u00e1ster en Big Data, Business Analytics e Intelligence 2016\u201d de Mundo Postgrado.<\/p>\n<\/div>\n<\/div>\n<\/div><\/div>\n\n\n\n<div class=\"wp-block-group alignfull has-background\" style=\"background-color:#f8f7f2\"><div class=\"wp-block-group__inner-container is-layout-flow wp-block-group-is-layout-flow\">\n<p> Con el M\u00e1ster Universitario en Visual Analytics y Big Data te formar\u00e1s en las siguientes competencias: \u2022 Dise\u00f1ar e implementar un sistema que combine t\u00e9cnicas de captura y almacenamiento, an\u00e1lisis y visualizaci\u00f3n de datos \u2022 Adquirir una visi\u00f3n general del proceso que engloba el mapeo de una situaci\u00f3n f\u00edsica o virtual, el procesado de los datos subyacentes y la representaci\u00f3n visual de dicha realidad<\/p>\n\n\n\n<p>       \u2022 Identificar los aspectos legales de aplicaci\u00f3n relativos a la captura, almacenamiento y uso de datos de usuario <br>      \u2022 Analizar y seleccionar los datos que mejor representen una situaci\u00f3n f\u00edsica o virtual y enunciar los requisitos que debe cumplir un m\u00e9todo de almacenamiento apropiado para dichos datos <br>      \u2022 Identificar los descriptores m\u00e1s habituales para un conjunto de datos y valorar su aplicabilidad a un conjunto de datos conocido <br>      \u2022 Anticipar los riesgos y beneficios derivados de la aplicaci\u00f3n de las t\u00e9cnicas de procesamiento masivo de datos en una situaci\u00f3n real <\/p>\n<\/div><\/div>\n\n\n\n<figure class=\"wp-block-image size-large is-resized is-style-default\"><a href=\"http:\/\/tecnologico.usac.edu.gt\/wp-content\/uploads\/2020\/10\/3-Aspectos.png\"><img decoding=\"async\" src=\"http:\/\/tecnologico.usac.edu.gt\/wp-content\/uploads\/2020\/10\/3-Aspectos.png\" alt=\"\" class=\"wp-image-382\" width=\"1214\" height=\"747\" srcset=\"https:\/\/tecnologico.usac.edu.gt\/wp-content\/uploads\/2020\/10\/3-Aspectos.png 930w, https:\/\/tecnologico.usac.edu.gt\/wp-content\/uploads\/2020\/10\/3-Aspectos-300x185.png 300w, https:\/\/tecnologico.usac.edu.gt\/wp-content\/uploads\/2020\/10\/3-Aspectos-768x472.png 768w\" sizes=\"(max-width: 1214px) 100vw, 1214px\" \/><\/a><\/figure>\n\n\n\n<div class=\"wp-block-cover alignfull has-background-dim-80 has-background-dim\" style=\"background-image:url(https:\/\/tecnologico.usac.edu.gt\/wp-content\/uploads\/2020\/11\/supscri.jpg);background-color:#181e19;min-height:450px;aspect-ratio:unset;\"><div class=\"wp-block-cover__inner-container is-layout-flow wp-block-cover-is-layout-flow\">\n<h2 class=\"has-text-align-center has-white-color has-text-color wp-block-heading\">Di\u00e1logos educativos<\/h2>\n\n\n\n<p class=\"has-text-align-center\">Te invitamos a ser parte de la comunidad del Tecnol\u00f3gico<\/p>\n\n\n<div class=\"wpforms-container wpforms-block inline-fields\" id=\"wpforms-411\"><form id=\"wpforms-form-411\" class=\"wpforms-validate wpforms-form\" data-formid=\"411\" method=\"post\" enctype=\"multipart\/form-data\" action=\"\/index.php?rest_route=%2Fwp%2Fv2%2Fpages%2F848\" data-token=\"eaf4aee51054aa7f8d523bc188907094\" data-token-time=\"1777740447\"><noscript class=\"wpforms-error-noscript\">Por favor, activa JavaScript en tu navegador para completar este formulario.<\/noscript><div class=\"wpforms-field-container\"><div id=\"wpforms-411-field_1-container\" class=\"wpforms-field wpforms-field-email\" data-field-id=\"1\"><label class=\"wpforms-field-label wpforms-label-hide\" for=\"wpforms-411-field_1\">Email <span class=\"wpforms-required-label\">*<\/span><\/label><input type=\"email\" id=\"wpforms-411-field_1\" class=\"wpforms-field-large wpforms-field-required\" name=\"wpforms[fields][1]\" placeholder=\"Email address\" spellcheck=\"false\" required><\/div><\/div><!-- .wpforms-field-container --><div class=\"wpforms-field wpforms-field-hp\"><label for=\"wpforms-411-field-hp\" class=\"wpforms-field-label\">Name<\/label><input type=\"text\" name=\"wpforms[hp]\" id=\"wpforms-411-field-hp\" class=\"wpforms-field-medium\"><\/div><div class=\"wpforms-submit-container\" ><input type=\"hidden\" name=\"wpforms[id]\" value=\"411\"><input type=\"hidden\" name=\"page_title\" value=\"\"><input type=\"hidden\" name=\"page_url\" value=\"https:\/\/tecnologico.usac.edu.gt\/index.php?rest_route=\/wp\/v2\/pages\/848\"><input type=\"hidden\" name=\"url_referer\" value=\"\"><button type=\"submit\" name=\"wpforms[submit]\" id=\"wpforms-submit-411\" class=\"wpforms-submit\" data-alt-text=\"Sending...\" data-submit-text=\"Subscribe\" aria-live=\"assertive\" value=\"wpforms-submit\">Subscribe<\/button><\/div><\/form><\/div>  <!-- .wpforms-container --><\/div><\/div>\n","protected":false},"excerpt":{"rendered":"<p>Maestr\u00eda An\u00e1lisis Y Visualizaci\u00f3n De Datos Masivos Perfil Profesional El M\u00e1ster Universitario en Visual Analytics and Big Data te formar\u00e1 como un profesional capaz de dise\u00f1ar e implementar sistemas que monitoricen un proceso, extraigan informaci\u00f3n relevante del mismo y la comuniquen de manera elocuente y eficiente. Gracias a este m\u00e1ster universitario, manejar\u00e1s a la perfecci\u00f3n [&hellip;]<\/p>\n","protected":false},"author":1,"featured_media":0,"parent":0,"menu_order":0,"comment_status":"closed","ping_status":"closed","template":"","meta":{"site-sidebar-layout":"default","site-content-layout":"plain-container","ast-site-content-layout":"","site-content-style":"default","site-sidebar-style":"default","ast-global-header-display":"","ast-banner-title-visibility":"","ast-main-header-display":"","ast-hfb-above-header-display":"","ast-hfb-below-header-display":"","ast-hfb-mobile-header-display":"","site-post-title":"disabled","ast-breadcrumbs-content":"","ast-featured-img":"","footer-sml-layout":"","theme-transparent-header-meta":"enabled","adv-header-id-meta":"","stick-header-meta":"","header-above-stick-meta":"","header-main-stick-meta":"","header-below-stick-meta":"","astra-migrate-meta-layouts":"default","ast-page-background-enabled":"default","ast-page-background-meta":{"desktop":{"background-color":"","background-image":"","background-repeat":"repeat","background-position":"center center","background-size":"auto","background-attachment":"scroll","background-type":"","background-media":"","overlay-type":"","overlay-color":"","overlay-opacity":"","overlay-gradient":""},"tablet":{"background-color":"","background-image":"","background-repeat":"repeat","background-position":"center center","background-size":"auto","background-attachment":"scroll","background-type":"","background-media":"","overlay-type":"","overlay-color":"","overlay-opacity":"","overlay-gradient":""},"mobile":{"background-color":"","background-image":"","background-repeat":"repeat","background-position":"center center","background-size":"auto","background-attachment":"scroll","background-type":"","background-media":"","overlay-type":"","overlay-color":"","overlay-opacity":"","overlay-gradient":""}},"ast-content-background-meta":{"desktop":{"background-color":"var(--ast-global-color-5)","background-image":"","background-repeat":"repeat","background-position":"center center","background-size":"auto","background-attachment":"scroll","background-type":"","background-media":"","overlay-type":"","overlay-color":"","overlay-opacity":"","overlay-gradient":""},"tablet":{"background-color":"var(--ast-global-color-5)","background-image":"","background-repeat":"repeat","background-position":"center center","background-size":"auto","background-attachment":"scroll","background-type":"","background-media":"","overlay-type":"","overlay-color":"","overlay-opacity":"","overlay-gradient":""},"mobile":{"background-color":"var(--ast-global-color-5)","background-image":"","background-repeat":"repeat","background-position":"center center","background-size":"auto","background-attachment":"scroll","background-type":"","background-media":"","overlay-type":"","overlay-color":"","overlay-opacity":"","overlay-gradient":""}},"footnotes":""},"class_list":["post-848","page","type-page","status-publish","hentry"],"_links":{"self":[{"href":"https:\/\/tecnologico.usac.edu.gt\/index.php?rest_route=\/wp\/v2\/pages\/848","targetHints":{"allow":["GET"]}}],"collection":[{"href":"https:\/\/tecnologico.usac.edu.gt\/index.php?rest_route=\/wp\/v2\/pages"}],"about":[{"href":"https:\/\/tecnologico.usac.edu.gt\/index.php?rest_route=\/wp\/v2\/types\/page"}],"author":[{"embeddable":true,"href":"https:\/\/tecnologico.usac.edu.gt\/index.php?rest_route=\/wp\/v2\/users\/1"}],"replies":[{"embeddable":true,"href":"https:\/\/tecnologico.usac.edu.gt\/index.php?rest_route=%2Fwp%2Fv2%2Fcomments&post=848"}],"version-history":[{"count":1,"href":"https:\/\/tecnologico.usac.edu.gt\/index.php?rest_route=\/wp\/v2\/pages\/848\/revisions"}],"predecessor-version":[{"id":850,"href":"https:\/\/tecnologico.usac.edu.gt\/index.php?rest_route=\/wp\/v2\/pages\/848\/revisions\/850"}],"wp:attachment":[{"href":"https:\/\/tecnologico.usac.edu.gt\/index.php?rest_route=%2Fwp%2Fv2%2Fmedia&parent=848"}],"curies":[{"name":"wp","href":"https:\/\/api.w.org\/{rel}","templated":true}]}}