{"id":835,"date":"2021-01-05T03:13:44","date_gmt":"2021-01-05T03:13:44","guid":{"rendered":"http:\/\/tecnologico.usac.edu.gt\/?page_id=835"},"modified":"2021-01-05T03:13:45","modified_gmt":"2021-01-05T03:13:45","slug":"tecnico-universitario-en-produccion-alimentaria","status":"publish","type":"page","link":"https:\/\/tecnologico.usac.edu.gt\/?page_id=835","title":{"rendered":"T\u00e9cnico Universitario en Producci\u00f3n Alimentaria"},"content":{"rendered":"\n<figure class=\"wp-block-image size-large is-resized is-style-default\"><a href=\"http:\/\/tecnologico.usac.edu.gt\/wp-content\/uploads\/2021\/01\/PortaAlimentaria.png\"><img fetchpriority=\"high\" decoding=\"async\" src=\"http:\/\/tecnologico.usac.edu.gt\/wp-content\/uploads\/2021\/01\/PortaAlimentaria-1024x461.png\" alt=\"\" class=\"wp-image-820\" width=\"1223\" height=\"550\" srcset=\"https:\/\/tecnologico.usac.edu.gt\/wp-content\/uploads\/2021\/01\/PortaAlimentaria-1024x461.png 1024w, https:\/\/tecnologico.usac.edu.gt\/wp-content\/uploads\/2021\/01\/PortaAlimentaria-300x135.png 300w, https:\/\/tecnologico.usac.edu.gt\/wp-content\/uploads\/2021\/01\/PortaAlimentaria-768x346.png 768w, https:\/\/tecnologico.usac.edu.gt\/wp-content\/uploads\/2021\/01\/PortaAlimentaria-1536x692.png 1536w, https:\/\/tecnologico.usac.edu.gt\/wp-content\/uploads\/2021\/01\/PortaAlimentaria.png 1802w\" sizes=\"(max-width: 1223px) 100vw, 1223px\" \/><\/a><\/figure>\n\n\n\n<div class=\"wp-block-group alignfull\"><div class=\"wp-block-group__inner-container is-layout-flow wp-block-group-is-layout-flow\">\n<div class=\"wp-block-columns is-layout-flex wp-container-core-columns-is-layout-1 wp-block-columns-is-layout-flex\">\n<div class=\"wp-block-column is-layout-flow wp-block-column-is-layout-flow\">\n<h2 class=\"wp-block-heading\">Perfil Profesional<\/h2>\n<\/div>\n\n\n\n<div class=\"wp-block-column is-layout-flow wp-block-column-is-layout-flow\">\n<p>El T\u00e9cnico Universitario en Producci\u00f3n Alimentaria se caracterizar\u00e1 por una formaci\u00f3n integral que le permitir\u00e1 incidir en el \u00e1mbito de la investigaci\u00f3n y la trasferencia tecnol\u00f3gica.<\/p>\n\n\n\n<p>Participar\u00e1 en procesos de planificaci\u00f3n, ejecuci\u00f3n y control de programas de procesamiento de alimentos en sus diferentes etapas de producci\u00f3n.<br>As\u00ed como realizar su actividad profesional basado en la realidad social, pol\u00edtica, econ\u00f3mica y ambiental de pa\u00eds y en contexto global relacionado con la producci\u00f3n alimentaria.<\/p>\n<\/div>\n\n\n\n<div class=\"wp-block-column is-layout-flow wp-block-column-is-layout-flow\"><\/div>\n<\/div>\n<\/div><\/div>\n\n\n\n<div class=\"wp-block-columns is-layout-flex wp-container-core-columns-is-layout-2 wp-block-columns-is-layout-flex\">\n<div class=\"wp-block-column is-layout-flow wp-block-column-is-layout-flow\"><\/div>\n\n\n\n<div class=\"wp-block-column is-layout-flow wp-block-column-is-layout-flow\"><\/div>\n\n\n\n<div class=\"wp-block-column is-layout-flow wp-block-column-is-layout-flow\"><\/div>\n<\/div>\n\n\n\n<div class=\"wp-block-group alignfull\"><div class=\"wp-block-group__inner-container\"><div class=\"wp-block-group__inner-container is-layout-flow wp-block-group-is-layout-flow\">\n<div class=\"wp-block-media-text alignwide is-stacked-on-mobile is-vertically-aligned-center\" style=\"grid-template-columns:60% auto\"><figure class=\"wp-block-media-text__media\"><img decoding=\"async\" width=\"293\" height=\"600\" src=\"http:\/\/tecnologico.usac.edu.gt\/wp-content\/uploads\/2021\/01\/5.png\" alt=\"\" class=\"wp-image-817 size-full\" srcset=\"https:\/\/tecnologico.usac.edu.gt\/wp-content\/uploads\/2021\/01\/5.png 293w, https:\/\/tecnologico.usac.edu.gt\/wp-content\/uploads\/2021\/01\/5-147x300.png 147w\" sizes=\"(max-width: 293px) 100vw, 293px\" \/><\/figure><div class=\"wp-block-media-text__content\">\n<h2 class=\"wp-block-heading\">PERFIL DE INGRESO<\/h2>\n\n\n\n<p>El aspirante a estudiar la carrera de T\u00e9cnico Universitario en Producci\u00f3n Alimentaria deber\u00e1 responder a las siguientes condiciones:<br>\u2022 Conocimientos b\u00e1sicos en sistemas de inform\u00e1tica b\u00e1sica<br>\u2022 Conocimientos b\u00e1sicos del idioma ingl\u00e9s.<br>\u2022 Conocimientos b\u00e1sicos sobre qu\u00edmica, matem\u00e1tica, lenguaje y biolog\u00eda<br>\u2022 Claridad en su vocaci\u00f3n para ejercer actividades dentro del que hacer de la producci\u00f3n alimentaria y su campo de trabajo.<br>\u2022 Disposici\u00f3n para relacionarse con grupos de diferentes \u00e1mbitos culturas y econ\u00f3micos.<br>\u2022 Disposici\u00f3n para la tutela formativa, para la autoformaci\u00f3n y el trabajo en equipo.<br>\u2022 Condiciones de salud f\u00edsica y mental adecuadas para desarrollar actividades en ambientes rurales, h\u00famedos, fr\u00edos, nocturnas y jornadas largas de trabajo.<br>\u2022 Habilidades ps\u00edquicas, mec\u00e1nicas y vocacionales para cursar carreras universitarias tecnol\u00f3gicas.<br>\u2022 Capacidad de trabajo en equipo.<br>\u2022 Capacidad para identificar, plantear y resolver problemas.<br>\u2022 Capacidad para tomar decisiones.<br>\u2022 Capacidad de motivar y conducir hacia metas comunes.<br>\u2022 Compromiso con la preservaci\u00f3n del medioambiente.<br>\u2022 Compromiso \u00e9tico.<br>\u2022 Compromiso con la calidad.<br>\u2022 Afinidad por la industria alimentaria<\/p>\n<\/div><\/div>\n\n\n\n<div class=\"wp-block-media-text alignfull is-stacked-on-mobile is-vertically-aligned-center\" style=\"grid-template-columns:60% auto\"><figure class=\"wp-block-media-text__media\"><img decoding=\"async\" width=\"379\" height=\"600\" src=\"http:\/\/tecnologico.usac.edu.gt\/wp-content\/uploads\/2021\/01\/4.png\" alt=\"\" class=\"wp-image-818 size-full\" srcset=\"https:\/\/tecnologico.usac.edu.gt\/wp-content\/uploads\/2021\/01\/4.png 379w, https:\/\/tecnologico.usac.edu.gt\/wp-content\/uploads\/2021\/01\/4-190x300.png 190w\" sizes=\"(max-width: 379px) 100vw, 379px\" \/><\/figure><div class=\"wp-block-media-text__content\">\n<h2 class=\"wp-block-heading\">PERFIL DE EGRESO<\/h2>\n\n\n\n<p><a href=\"Ocupacional:\r\nEl egresado de la carrera T\u00e9cnica Universitaria en Producci\u00f3n Alimentaria brinda a los graduandos las condiciones para mejorar su calidad de vida y la productividad nacional relacionada con la producci\u00f3n de alimentos. As\u00ed como la oportunidad de incorporarse a estudios superiores universitarios a nivel de licenciatura adem\u00e1s estar\u00e1 en condiciones de:\r\n\u2022 Seleccionar procesos tecnol\u00f3gicos para el procesamiento de alimentos de acuerdo con las especificaciones finales del producto.\r\n\u2022 Aplicar t\u00e9cnicas para conservar los productos alimenticios de origen agr\u00edcola.\r\n\u2022 Registrar datos de producci\u00f3n por medio de computadora.\r\n\u2022 Aplicar normas de salud ocupacional.\r\n\u2022 Detectar condiciones inseguras en el taller de trabajo.\r\n\u2022 Determinar factores de riesgo ocupacional en el taller agroindustrial.\r\n\u2022 Recomendar t\u00e9cnicas de manejo post-cosecha de productos de origen agr\u00edcola.\r\n\u2022 Elaborar diferentes productos de trigo con base en harinas.\r\n\u2022 Ejecutar el proceso de obtenci\u00f3n de almidones de tub\u00e9rculos vegetales.\r\n\u2022 Obtener fibras vegetales.\r\n\u2022 Aplicar procedimientos de empaque para productos de origen agr\u00edcola.\r\n\u2022 Elaborar diferentes productos vegetales: en vinagre, fermentados, en salmera, deshidratados, fritos.\r\n\u2022 Obtener eficientemente pulpas de frutas tropicales.\r\n\u2022 Interpretar diagramas de flujo para el procesamiento de frutas.\r\n\u2022 Elaborar jugos y n\u00e9ctares a base de frutas.\r\n\u2022 Preparar mermeladas y jaleas tomando en cuenta criterios de calidad y eficiencia.\r\n\u2022 Ejecutar el proceso de deshidrataci\u00f3n de frutas y verduras.\r\n\u2022 Aplicar m\u00e9todos sencillos de an\u00e1lisis de la leche: determinaci\u00f3n de acidez grasa, s\u00f3lidos totales, antibi\u00f3ticos.\r\n\u2022 Dirigir los procesos b\u00e1sicos de la industrializaci\u00f3n de la leche: transporte, recepci\u00f3n almacenamiento, pasteurizaci\u00f3n homogenizaci\u00f3n.\r\n\u2022 Aplicar criterios t\u00e9cnicos para el uso de los aditivos com\u00fanmente empleados en la industria l\u00e1ctea.\r\n\u2022 Elaborar eficientemente diferentes productos l\u00e1cteos: natilla queso helados, etc.\r\n\u2022 Mantener controles para el manejo de inventarios de materias primas, producto en proceso y producto terminado.\r\n\u2022 Seleccionar personal id\u00f3neo para desenvolverse en puestos bajo su l\u00ednea de mando.\r\n\u2022 Aplicar t\u00e9cnicas para evitar la contaminaci\u00f3n de la carne.\r\n\u2022 Obtener eficientemente los cortes m\u00e1s comunes en bovinos, cerdos aves de corral y productos hidrobiol\u00f3gicos.\r\n\u2022 Elaborar correctamente diferentes productos con base en carnes picadas (embutidos).\r\n\u2022 Utilizar adecuadamente los principales aditivos alimentarios en la industria c\u00e1rnica.\r\n\u2022 Recomendar arreglos f\u00edsicos para la distribuci\u00f3n de plantas agroindustriales.\r\n\u2022 Aplicar metodolog\u00edas y t\u00e9cnicas para la implementaci\u00f3n de programas de higiene industrial.\r\n\u2022 Aplicar herramientas estad\u00edsticas para el mejoramiento continuo de procesos de manufactura.\r\n\u2022 Aplicar t\u00e9cnicas apropiadas para realizar el proceso de sacrificio de animales\r\n\u2022 Aplicar principios y t\u00e9cnicas administrativas para la conformaci\u00f3n y puesta en marcha de nuevas empresas.\r\nEl egresado como T\u00e9cnico Universitario en producci\u00f3n Alimentaria podr\u00e1 desarrollarse en cualquier \u00e1mbito de la producci\u00f3n alimentaria, sea cual sea la fase de  producci\u00f3n.\">&#8211;<\/a><\/p>\n\n\n\n<p>Ocupacional:<br>El egresado de la carrera T\u00e9cnica Universitaria en Producci\u00f3n Alimentaria brinda a los graduandos las condiciones para mejorar su calidad de vida y la productividad nacional relacionada con la producci\u00f3n de alimentos. As\u00ed como la oportunidad de incorporarse a estudios superiores universitarios a nivel de licenciatura adem\u00e1s estar\u00e1 en condiciones de:<br>\u2022 Seleccionar procesos tecnol\u00f3gicos para el procesamiento de alimentos de acuerdo con las especificaciones finales del producto.<br>\u2022 Aplicar t\u00e9cnicas para conservar los productos alimenticios de origen agr\u00edcola.<br>\u2022 Registrar datos de producci\u00f3n por medio de computadora.<br>\u2022 Aplicar normas de salud ocupacional.<br>\u2022 Detectar condiciones inseguras en el taller de trabajo.<br>\u2022 Determinar factores de riesgo ocupacional en el taller agroindustrial.<br>\u2022 Recomendar t\u00e9cnicas de manejo post-cosecha de productos de origen agr\u00edcola.<br>\u2022 Elaborar diferentes productos de trigo con base en harinas.<br>\u2022 Ejecutar el proceso de obtenci\u00f3n de almidones de tub\u00e9rculos vegetales.<br>\u2022 Obtener fibras vegetales.<br>\u2022 Aplicar procedimientos de empaque para productos de origen agr\u00edcola.<br>\u2022 Elaborar diferentes productos vegetales: en vinagre, fermentados, en salmera, deshidratados, fritos.<br>\u2022 Obtener eficientemente pulpas de frutas tropicales.<br>\u2022 Interpretar diagramas de flujo para el procesamiento de frutas.<br>\u2022 Elaborar jugos y n\u00e9ctares a base de frutas.<br>\u2022 Preparar mermeladas y jaleas tomando en cuenta criterios de calidad y eficiencia.<br>\u2022 Ejecutar el proceso de deshidrataci\u00f3n de frutas y verduras.<br>\u2022 Aplicar m\u00e9todos sencillos de an\u00e1lisis de la leche: determinaci\u00f3n de acidez grasa, s\u00f3lidos totales, antibi\u00f3ticos.<br>\u2022 Dirigir los procesos b\u00e1sicos de la industrializaci\u00f3n de la leche: transporte, recepci\u00f3n almacenamiento, pasteurizaci\u00f3n homogenizaci\u00f3n.<br>\u2022 Aplicar criterios t\u00e9cnicos para el uso de los aditivos com\u00fanmente empleados en la industria l\u00e1ctea.<br>\u2022 Elaborar eficientemente diferentes productos l\u00e1cteos: natilla queso helados, etc.<br>\u2022 Mantener controles para el manejo de inventarios de materias primas, producto en proceso y producto terminado.<br>\u2022 Seleccionar personal id\u00f3neo para desenvolverse en puestos bajo su l\u00ednea de mando.<br>\u2022 Aplicar t\u00e9cnicas para evitar la contaminaci\u00f3n de la carne.<br>\u2022 Obtener eficientemente los cortes m\u00e1s comunes en bovinos, cerdos aves de corral y productos hidrobiol\u00f3gicos.<br>\u2022 Elaborar correctamente diferentes productos con base en carnes picadas (embutidos).<br>\u2022 Utilizar adecuadamente los principales aditivos alimentarios en la industria c\u00e1rnica.<br>\u2022 Recomendar arreglos f\u00edsicos para la distribuci\u00f3n de plantas agroindustriales.<br>\u2022 Aplicar metodolog\u00edas y t\u00e9cnicas para la implementaci\u00f3n de programas de higiene industrial.<br>\u2022 Aplicar herramientas estad\u00edsticas para el mejoramiento continuo de procesos de manufactura.<br>\u2022 Aplicar t\u00e9cnicas apropiadas para realizar el proceso de sacrificio de animales<br>\u2022 Aplicar principios y t\u00e9cnicas administrativas para la conformaci\u00f3n y puesta en marcha de nuevas empresas.<br>El egresado como T\u00e9cnico Universitario en producci\u00f3n Alimentaria podr\u00e1 desarrollarse en cualquier \u00e1mbito de la producci\u00f3n alimentaria, sea cual sea la fase de producci\u00f3n.<\/p>\n<\/div><\/div>\n\n\n\n<div style=\"height:80px\" aria-hidden=\"true\" class=\"wp-block-spacer\"><\/div>\n<\/div><\/div><\/div>\n\n\n\n<div class=\"wp-block-group alignfull has-background is-layout-flow wp-block-group-is-layout-flow\" style=\"background-color:#f8f7f2\"><div class=\"wp-block-group__inner-container\"><\/div><\/div>\n\n\n\n<div class=\"wp-block-cover alignfull has-background-dim-80 has-background-dim\" style=\"background-image:url(https:\/\/tecnologico.usac.edu.gt\/wp-content\/uploads\/2020\/11\/supscri.jpg);background-color:#181e19;min-height:450px;aspect-ratio:unset;\"><div class=\"wp-block-cover__inner-container is-layout-flow wp-block-cover-is-layout-flow\">\n<h2 class=\"has-text-align-center has-white-color has-text-color wp-block-heading\">Di\u00e1logos educativos<\/h2>\n\n\n\n<p class=\"has-text-align-center\">Te invitamos a ser parte de la comunidad del Tecnol\u00f3gico<\/p>\n\n\n<div class=\"wpforms-container wpforms-block inline-fields\" id=\"wpforms-411\"><form id=\"wpforms-form-411\" class=\"wpforms-validate wpforms-form\" data-formid=\"411\" method=\"post\" enctype=\"multipart\/form-data\" action=\"\/index.php?rest_route=%2Fwp%2Fv2%2Fpages%2F835\" data-token=\"7a7d28a2352ad139675a71e7a8be5532\" data-token-time=\"1778619511\"><noscript class=\"wpforms-error-noscript\">Por favor, activa JavaScript en tu navegador para completar este formulario.<\/noscript><div class=\"wpforms-field-container\"><div id=\"wpforms-411-field_1-container\" class=\"wpforms-field wpforms-field-email\" data-field-id=\"1\"><label class=\"wpforms-field-label wpforms-label-hide\" for=\"wpforms-411-field_1\">Email <span class=\"wpforms-required-label\">*<\/span><\/label><input type=\"email\" id=\"wpforms-411-field_1\" class=\"wpforms-field-large wpforms-field-required\" name=\"wpforms[fields][1]\" placeholder=\"Email address\" spellcheck=\"false\" required><\/div><\/div><!-- .wpforms-field-container --><div class=\"wpforms-field wpforms-field-hp\"><label for=\"wpforms-411-field-hp\" class=\"wpforms-field-label\">Message<\/label><input type=\"text\" name=\"wpforms[hp]\" id=\"wpforms-411-field-hp\" class=\"wpforms-field-medium\"><\/div><div class=\"wpforms-submit-container\" ><input type=\"hidden\" name=\"wpforms[id]\" value=\"411\"><input type=\"hidden\" name=\"page_title\" value=\"\"><input type=\"hidden\" name=\"page_url\" value=\"https:\/\/tecnologico.usac.edu.gt\/index.php?rest_route=\/wp\/v2\/pages\/835\"><input type=\"hidden\" name=\"url_referer\" value=\"\"><button type=\"submit\" name=\"wpforms[submit]\" id=\"wpforms-submit-411\" class=\"wpforms-submit\" data-alt-text=\"Sending...\" data-submit-text=\"Subscribe\" aria-live=\"assertive\" value=\"wpforms-submit\">Subscribe<\/button><\/div><\/form><\/div>  <!-- .wpforms-container --><\/div><\/div>\n","protected":false},"excerpt":{"rendered":"<p>Perfil Profesional El T\u00e9cnico Universitario en Producci\u00f3n Alimentaria se caracterizar\u00e1 por una formaci\u00f3n integral que le permitir\u00e1 incidir en el \u00e1mbito de la investigaci\u00f3n y la trasferencia tecnol\u00f3gica. Participar\u00e1 en procesos de planificaci\u00f3n, ejecuci\u00f3n y control de programas de procesamiento de alimentos en sus diferentes etapas de producci\u00f3n.As\u00ed como realizar su actividad profesional basado en [&hellip;]<\/p>\n","protected":false},"author":1,"featured_media":0,"parent":0,"menu_order":0,"comment_status":"closed","ping_status":"closed","template":"","meta":{"site-sidebar-layout":"default","site-content-layout":"plain-container","ast-site-content-layout":"","site-content-style":"default","site-sidebar-style":"default","ast-global-header-display":"","ast-banner-title-visibility":"","ast-main-header-display":"","ast-hfb-above-header-display":"","ast-hfb-below-header-display":"","ast-hfb-mobile-header-display":"","site-post-title":"disabled","ast-breadcrumbs-content":"","ast-featured-img":"","footer-sml-layout":"","theme-transparent-header-meta":"enabled","adv-header-id-meta":"","stick-header-meta":"","header-above-stick-meta":"","header-main-stick-meta":"","header-below-stick-meta":"","astra-migrate-meta-layouts":"default","ast-page-background-enabled":"default","ast-page-background-meta":{"desktop":{"background-color":"","background-image":"","background-repeat":"repeat","background-position":"center center","background-size":"auto","background-attachment":"scroll","background-type":"","background-media":"","overlay-type":"","overlay-color":"","overlay-opacity":"","overlay-gradient":""},"tablet":{"background-color":"","background-image":"","background-repeat":"repeat","background-position":"center center","background-size":"auto","background-attachment":"scroll","background-type":"","background-media":"","overlay-type":"","overlay-color":"","overlay-opacity":"","overlay-gradient":""},"mobile":{"background-color":"","background-image":"","background-repeat":"repeat","background-position":"center center","background-size":"auto","background-attachment":"scroll","background-type":"","background-media":"","overlay-type":"","overlay-color":"","overlay-opacity":"","overlay-gradient":""}},"ast-content-background-meta":{"desktop":{"background-color":"var(--ast-global-color-5)","background-image":"","background-repeat":"repeat","background-position":"center center","background-size":"auto","background-attachment":"scroll","background-type":"","background-media":"","overlay-type":"","overlay-color":"","overlay-opacity":"","overlay-gradient":""},"tablet":{"background-color":"var(--ast-global-color-5)","background-image":"","background-repeat":"repeat","background-position":"center center","background-size":"auto","background-attachment":"scroll","background-type":"","background-media":"","overlay-type":"","overlay-color":"","overlay-opacity":"","overlay-gradient":""},"mobile":{"background-color":"var(--ast-global-color-5)","background-image":"","background-repeat":"repeat","background-position":"center center","background-size":"auto","background-attachment":"scroll","background-type":"","background-media":"","overlay-type":"","overlay-color":"","overlay-opacity":"","overlay-gradient":""}},"footnotes":""},"class_list":["post-835","page","type-page","status-publish","hentry"],"_links":{"self":[{"href":"https:\/\/tecnologico.usac.edu.gt\/index.php?rest_route=\/wp\/v2\/pages\/835","targetHints":{"allow":["GET"]}}],"collection":[{"href":"https:\/\/tecnologico.usac.edu.gt\/index.php?rest_route=\/wp\/v2\/pages"}],"about":[{"href":"https:\/\/tecnologico.usac.edu.gt\/index.php?rest_route=\/wp\/v2\/types\/page"}],"author":[{"embeddable":true,"href":"https:\/\/tecnologico.usac.edu.gt\/index.php?rest_route=\/wp\/v2\/users\/1"}],"replies":[{"embeddable":true,"href":"https:\/\/tecnologico.usac.edu.gt\/index.php?rest_route=%2Fwp%2Fv2%2Fcomments&post=835"}],"version-history":[{"count":1,"href":"https:\/\/tecnologico.usac.edu.gt\/index.php?rest_route=\/wp\/v2\/pages\/835\/revisions"}],"predecessor-version":[{"id":836,"href":"https:\/\/tecnologico.usac.edu.gt\/index.php?rest_route=\/wp\/v2\/pages\/835\/revisions\/836"}],"wp:attachment":[{"href":"https:\/\/tecnologico.usac.edu.gt\/index.php?rest_route=%2Fwp%2Fv2%2Fmedia&parent=835"}],"curies":[{"name":"wp","href":"https:\/\/api.w.org\/{rel}","templated":true}]}}