{"id":833,"date":"2021-01-05T03:08:45","date_gmt":"2021-01-05T03:08:45","guid":{"rendered":"http:\/\/tecnologico.usac.edu.gt\/?page_id=833"},"modified":"2021-01-05T03:08:46","modified_gmt":"2021-01-05T03:08:46","slug":"tecnico-universitario-en-refrigeracion-y-aire-acondicionado","status":"publish","type":"page","link":"https:\/\/tecnologico.usac.edu.gt\/?page_id=833","title":{"rendered":"T\u00e9cnico Universitario en Refrigeraci\u00f3n y Aire Acondicionado"},"content":{"rendered":"\n<figure class=\"wp-block-image size-large is-resized is-style-default\"><a href=\"http:\/\/tecnologico.usac.edu.gt\/wp-content\/uploads\/2021\/01\/PortaAireAcondicionado.png\"><img fetchpriority=\"high\" decoding=\"async\" src=\"http:\/\/tecnologico.usac.edu.gt\/wp-content\/uploads\/2021\/01\/PortaAireAcondicionado-1024x479.png\" alt=\"\" class=\"wp-image-819\" width=\"1213\" height=\"568\" srcset=\"https:\/\/tecnologico.usac.edu.gt\/wp-content\/uploads\/2021\/01\/PortaAireAcondicionado-1024x479.png 1024w, https:\/\/tecnologico.usac.edu.gt\/wp-content\/uploads\/2021\/01\/PortaAireAcondicionado-300x140.png 300w, https:\/\/tecnologico.usac.edu.gt\/wp-content\/uploads\/2021\/01\/PortaAireAcondicionado-768x359.png 768w, https:\/\/tecnologico.usac.edu.gt\/wp-content\/uploads\/2021\/01\/PortaAireAcondicionado-1536x718.png 1536w, https:\/\/tecnologico.usac.edu.gt\/wp-content\/uploads\/2021\/01\/PortaAireAcondicionado.png 1803w\" sizes=\"(max-width: 1213px) 100vw, 1213px\" \/><\/a><\/figure>\n\n\n\n<div class=\"wp-block-buttons is-layout-flex wp-block-buttons-is-layout-flex\"><\/div>\n\n\n\n<div class=\"wp-block-group alignfull\"><div class=\"wp-block-group__inner-container is-layout-flow wp-block-group-is-layout-flow\">\n<div class=\"wp-block-columns is-layout-flex wp-container-core-columns-is-layout-1 wp-block-columns-is-layout-flex\">\n<div class=\"wp-block-column is-layout-flow wp-block-column-is-layout-flow\">\n<h2 class=\"wp-block-heading\">Perfil Profesional<\/h2>\n<\/div>\n\n\n\n<div class=\"wp-block-column is-layout-flow wp-block-column-is-layout-flow\">\n<p>El T\u00e9cnico en Refrigeraci\u00f3n y Aire Acondicionado tendr\u00e1 las siguientes caracter\u00edsticas:<br>\u2022 Excelente capacidad para diagnosticar s\u00edntomas de sistemas de refrigeraci\u00f3n y aire acondicionado. Ya que entiende los principios en que se basa el funcionamiento de los equipos de refrigeraci\u00f3n y aire acondicionado<br>\u2022 Habilidad de analizar e interpretar la informaci\u00f3n que suministran los instrumentos de medici\u00f3n para refrigeraci\u00f3n y aire acondicionado pues ellos informan al t\u00e9cnico acerca de lo que ocurre dentro del sistema.<br>\u2022 Conocer el funcionamiento b\u00e1sico de motores de combusti\u00f3n interna, fundamentos de los sistemas el\u00e9ctricos, dispositivos electr\u00f3nicos.<br>\u2022 Tener la capacidad de instalar, proveer mantenimiento, diagnosticar y reparar fallas en partes y accesorios de refrigeradoras tipo frost y no frost, enfriadores y congeladores de uso dom\u00e9stico y comercial, de acuerdo a especificaciones t\u00e9cnicas de fabricantes y par\u00e1metros de calidad establecidos.<br><\/p>\n\n\n\n<p><br><\/p>\n<\/div>\n\n\n\n<div class=\"wp-block-column is-layout-flow wp-block-column-is-layout-flow\">\n<p>\u2022 Tener la capacidad de instalar, proporcionar mantenimiento preventivo, diagnosticar fallas y reparar equipo y accesorios de sistemas de refrigeraci\u00f3n y aire acondicionado, de acuerdo a especificaciones t\u00e9cnicas de fabricantes y normas de seguridad y protecci\u00f3n ambiental establecidas.<br>\u2022 Habilidad de redactar informes t\u00e9cnicos.<br>\u2022 Experiencia en el manejo de las diferentes m\u00e1quinas, equipos y de las herramientas de servicio especializadas.<br>\u2022 Responsabilidad en la preservaci\u00f3n del medio ambiente.<br>\u2022 Compromiso con su medio socio-cultural.<br>\u2022 Valoraci\u00f3n y respeto por la diversidad y multiculturalidad.<br>\u2022 Capacidad de trabajo en equipo.<br>\u2022 Habilidad en resoluci\u00f3n de problemas en la pr\u00e1ctica.<\/p>\n<\/div>\n<\/div>\n<\/div><\/div>\n\n\n\n<div class=\"wp-block-columns is-layout-flex wp-container-core-columns-is-layout-2 wp-block-columns-is-layout-flex\">\n<div class=\"wp-block-column is-layout-flow wp-block-column-is-layout-flow\"><\/div>\n\n\n\n<div class=\"wp-block-column is-layout-flow wp-block-column-is-layout-flow\"><\/div>\n\n\n\n<div class=\"wp-block-column is-layout-flow wp-block-column-is-layout-flow\"><\/div>\n<\/div>\n\n\n\n<div class=\"wp-block-group alignfull\"><div class=\"wp-block-group__inner-container is-layout-flow wp-block-group-is-layout-flow\">\n<div class=\"wp-block-media-text alignwide is-stacked-on-mobile is-vertically-aligned-center\" style=\"grid-template-columns:60% auto\"><figure class=\"wp-block-media-text__media\"><img decoding=\"async\" width=\"293\" height=\"600\" src=\"http:\/\/tecnologico.usac.edu.gt\/wp-content\/uploads\/2021\/01\/5.png\" alt=\"\" class=\"wp-image-817 size-full\" srcset=\"https:\/\/tecnologico.usac.edu.gt\/wp-content\/uploads\/2021\/01\/5.png 293w, https:\/\/tecnologico.usac.edu.gt\/wp-content\/uploads\/2021\/01\/5-147x300.png 147w\" sizes=\"(max-width: 293px) 100vw, 293px\" \/><\/figure><div class=\"wp-block-media-text__content\">\n<h2 class=\"wp-block-heading\">PERFIL DE INGRESO<\/h2>\n\n\n\n<p><br><\/p>\n\n\n\n<p>Para poder ingresar a la carrera t\u00e9cnica de T\u00e9cnico en Refrigeraci\u00f3n y Aire Acondicionado, la persona interesada debe poseer las siguientes caracter\u00edsticas:<br>\u2022 Manifieste inter\u00e9s en actividades que requieran un alto grado de abstracci\u00f3n, an\u00e1lisis y s\u00edntesis.<br>\u2022 Posea destreza de aplicar los conocimientos en la pr\u00e1ctica.<br>\u2022 Valore y respete el medio ambiente.<br>\u2022 Posea valores \u00e9ticos bien fundamentados que le permiten relacionarse con otros de manera adecuada.<br>\u2022 Posea facilidad para trabajar en equipo<br>\u2022 Posea la habilidad de comunicarse, al saber interpretar instrucciones tanto escritas como verbales.<br>\u2022 Posea un buen razonamiento para identificar plantear y resolver problemas.<br>\u2022 Manifieste inter\u00e9s de investigar por propia iniciativa.<br>\u2022 Demuestre el inter\u00e9s en aprender y actualizarse permanentemente.<br>\u2022 Manifieste inter\u00e9s en la toma de decisiones.<br>\u2022 Posea un buen compromiso \u00e9tico.<br>\u2022 Valore que todo se haga con calidad.<br>Se recomienda que los estudiantes interesados, hayan egresado con una formaci\u00f3n a nivel t\u00e9cnico con el t\u00edtulo de Bachiller Industrial y Perito en alguna especialidad que vaya relacionada con la carrera T\u00e9cnica en Metal Mec\u00e1nica, ya que con esto se pretende que el aprendizaje vaya encaminado hacia una especializaci\u00f3n m\u00e1s efectiva por los conocimientos previos adquiridos.<\/p>\n<\/div><\/div>\n\n\n\n<div style=\"height:80px\" aria-hidden=\"true\" class=\"wp-block-spacer\"><\/div>\n\n\n\n<div class=\"wp-block-media-text alignfull is-stacked-on-mobile is-vertically-aligned-center\" style=\"grid-template-columns:60% auto\"><figure class=\"wp-block-media-text__media\"><img decoding=\"async\" width=\"379\" height=\"600\" src=\"http:\/\/tecnologico.usac.edu.gt\/wp-content\/uploads\/2021\/01\/4.png\" alt=\"\" class=\"wp-image-818 size-full\" srcset=\"https:\/\/tecnologico.usac.edu.gt\/wp-content\/uploads\/2021\/01\/4.png 379w, https:\/\/tecnologico.usac.edu.gt\/wp-content\/uploads\/2021\/01\/4-190x300.png 190w\" sizes=\"(max-width: 379px) 100vw, 379px\" \/><\/figure><div class=\"wp-block-media-text__content\">\n<h2 class=\"wp-block-heading\">PERFIL DE EGRESO<\/h2>\n\n\n\n<p>Ocupacional:<br>\u2022 El t\u00e9cnico en Refrigeraci\u00f3n y Aire Acondicionado al graduarse podr\u00e1 desempe\u00f1arse en las siguientes actividades:<br>\u2022 Plazas dentro del ITUGS \u2013 Instituto Tecnol\u00f3gico Guatemalteco Sur:<br>\u2022 Instructor Titular de la carrera de T\u00e9cnico Refrigeraci\u00f3n y Aire Acondicionado.<br>\u2022 Auxiliar Titular de la carrera de T\u00e9cnico en Refrigeraci\u00f3n y Aire Acondicionado.<br>\u2022 En Universidades Privadas<br>\u2022 Tecnol\u00f3gico de la Facultad de Ingenier\u00eda<br>\u2022 Empresas que se dedican a la venta, reparaci\u00f3n y mantenimiento de equipo de Refrigeraci\u00f3n y Aire Acondicionado.<br>\u2022 T\u00e9cnico en Refrigeraci\u00f3n y Aire Acondicionado<br>\u2022 Empresas de la Industria Alimenticia.<br>\u2022 T\u00e9cnico en Refrigeraci\u00f3n y Aire Acondicionado<br>\u2022 Empresas que cuentan con equipos de Refrigeraci\u00f3n y Aire acondicionado.<br>Otra ventaja para el estudiante que cursa la carrera como T\u00e9cnico Universitario en Refrigeraci\u00f3n y Aire Acondicionado, es tener la posibilidad de continuar sus estudios a nivel de Licenciatura en la Facultad de Ingenier\u00eda, en la carrera de industrial, mec\u00e1nica, mec\u00e1nica industrial u otra que sea de su inter\u00e9s, para lo cual se le har\u00e1n las equivalencias respectivas de acuerdo al reglamento interno de la facultad.<\/p>\n<\/div><\/div>\n\n\n\n<div style=\"height:80px\" aria-hidden=\"true\" class=\"wp-block-spacer\"><\/div>\n<\/div><\/div>\n\n\n\n<div class=\"wp-block-group alignfull has-background is-layout-flow wp-block-group-is-layout-flow\" style=\"background-color:#f8f7f2\"><div class=\"wp-block-group__inner-container\"><\/div><\/div>\n\n\n\n<div class=\"wp-block-cover alignfull has-background-dim-80 has-background-dim\" style=\"background-image:url(https:\/\/tecnologico.usac.edu.gt\/wp-content\/uploads\/2020\/11\/supscri.jpg);background-color:#181e19;min-height:450px;aspect-ratio:unset;\"><div class=\"wp-block-cover__inner-container is-layout-flow wp-block-cover-is-layout-flow\">\n<h2 class=\"has-text-align-center has-white-color has-text-color wp-block-heading\">Di\u00e1logos educativos<\/h2>\n\n\n\n<p class=\"has-text-align-center\">Te invitamos a ser parte de la comunidad del Tecnol\u00f3gico<\/p>\n\n\n<div class=\"wpforms-container wpforms-block inline-fields\" id=\"wpforms-411\"><form id=\"wpforms-form-411\" class=\"wpforms-validate wpforms-form\" data-formid=\"411\" method=\"post\" enctype=\"multipart\/form-data\" action=\"\/index.php?rest_route=%2Fwp%2Fv2%2Fpages%2F833\" data-token=\"7a7d28a2352ad139675a71e7a8be5532\" data-token-time=\"1778619511\"><noscript class=\"wpforms-error-noscript\">Por favor, activa JavaScript en tu navegador para completar este formulario.<\/noscript><div class=\"wpforms-field-container\"><div id=\"wpforms-411-field_1-container\" class=\"wpforms-field wpforms-field-email\" data-field-id=\"1\"><label class=\"wpforms-field-label wpforms-label-hide\" for=\"wpforms-411-field_1\">Email <span class=\"wpforms-required-label\">*<\/span><\/label><input type=\"email\" id=\"wpforms-411-field_1\" class=\"wpforms-field-large wpforms-field-required\" name=\"wpforms[fields][1]\" placeholder=\"Email address\" spellcheck=\"false\" required><\/div><\/div><!-- .wpforms-field-container --><div class=\"wpforms-field wpforms-field-hp\"><label for=\"wpforms-411-field-hp\" class=\"wpforms-field-label\">Message<\/label><input type=\"text\" name=\"wpforms[hp]\" id=\"wpforms-411-field-hp\" class=\"wpforms-field-medium\"><\/div><div class=\"wpforms-submit-container\" ><input type=\"hidden\" name=\"wpforms[id]\" value=\"411\"><input type=\"hidden\" name=\"page_title\" value=\"\"><input type=\"hidden\" name=\"page_url\" value=\"https:\/\/tecnologico.usac.edu.gt\/index.php?rest_route=\/wp\/v2\/pages\/833\"><input type=\"hidden\" name=\"url_referer\" value=\"\"><button type=\"submit\" name=\"wpforms[submit]\" id=\"wpforms-submit-411\" class=\"wpforms-submit\" data-alt-text=\"Sending...\" data-submit-text=\"Subscribe\" aria-live=\"assertive\" value=\"wpforms-submit\">Subscribe<\/button><\/div><\/form><\/div>  <!-- .wpforms-container --><\/div><\/div>\n","protected":false},"excerpt":{"rendered":"<p>Perfil Profesional El T\u00e9cnico en Refrigeraci\u00f3n y Aire Acondicionado tendr\u00e1 las siguientes caracter\u00edsticas:\u2022 Excelente capacidad para diagnosticar s\u00edntomas de sistemas de refrigeraci\u00f3n y aire acondicionado. Ya que entiende los principios en que se basa el funcionamiento de los equipos de refrigeraci\u00f3n y aire acondicionado\u2022 Habilidad de analizar e interpretar la informaci\u00f3n que suministran los instrumentos [&hellip;]<\/p>\n","protected":false},"author":1,"featured_media":0,"parent":0,"menu_order":0,"comment_status":"closed","ping_status":"closed","template":"","meta":{"site-sidebar-layout":"default","site-content-layout":"plain-container","ast-site-content-layout":"","site-content-style":"default","site-sidebar-style":"default","ast-global-header-display":"","ast-banner-title-visibility":"","ast-main-header-display":"","ast-hfb-above-header-display":"","ast-hfb-below-header-display":"","ast-hfb-mobile-header-display":"","site-post-title":"disabled","ast-breadcrumbs-content":"","ast-featured-img":"","footer-sml-layout":"","theme-transparent-header-meta":"enabled","adv-header-id-meta":"","stick-header-meta":"","header-above-stick-meta":"","header-main-stick-meta":"","header-below-stick-meta":"","astra-migrate-meta-layouts":"default","ast-page-background-enabled":"default","ast-page-background-meta":{"desktop":{"background-color":"","background-image":"","background-repeat":"repeat","background-position":"center center","background-size":"auto","background-attachment":"scroll","background-type":"","background-media":"","overlay-type":"","overlay-color":"","overlay-opacity":"","overlay-gradient":""},"tablet":{"background-color":"","background-image":"","background-repeat":"repeat","background-position":"center center","background-size":"auto","background-attachment":"scroll","background-type":"","background-media":"","overlay-type":"","overlay-color":"","overlay-opacity":"","overlay-gradient":""},"mobile":{"background-color":"","background-image":"","background-repeat":"repeat","background-position":"center center","background-size":"auto","background-attachment":"scroll","background-type":"","background-media":"","overlay-type":"","overlay-color":"","overlay-opacity":"","overlay-gradient":""}},"ast-content-background-meta":{"desktop":{"background-color":"var(--ast-global-color-5)","background-image":"","background-repeat":"repeat","background-position":"center center","background-size":"auto","background-attachment":"scroll","background-type":"","background-media":"","overlay-type":"","overlay-color":"","overlay-opacity":"","overlay-gradient":""},"tablet":{"background-color":"var(--ast-global-color-5)","background-image":"","background-repeat":"repeat","background-position":"center center","background-size":"auto","background-attachment":"scroll","background-type":"","background-media":"","overlay-type":"","overlay-color":"","overlay-opacity":"","overlay-gradient":""},"mobile":{"background-color":"var(--ast-global-color-5)","background-image":"","background-repeat":"repeat","background-position":"center center","background-size":"auto","background-attachment":"scroll","background-type":"","background-media":"","overlay-type":"","overlay-color":"","overlay-opacity":"","overlay-gradient":""}},"footnotes":""},"class_list":["post-833","page","type-page","status-publish","hentry"],"_links":{"self":[{"href":"https:\/\/tecnologico.usac.edu.gt\/index.php?rest_route=\/wp\/v2\/pages\/833","targetHints":{"allow":["GET"]}}],"collection":[{"href":"https:\/\/tecnologico.usac.edu.gt\/index.php?rest_route=\/wp\/v2\/pages"}],"about":[{"href":"https:\/\/tecnologico.usac.edu.gt\/index.php?rest_route=\/wp\/v2\/types\/page"}],"author":[{"embeddable":true,"href":"https:\/\/tecnologico.usac.edu.gt\/index.php?rest_route=\/wp\/v2\/users\/1"}],"replies":[{"embeddable":true,"href":"https:\/\/tecnologico.usac.edu.gt\/index.php?rest_route=%2Fwp%2Fv2%2Fcomments&post=833"}],"version-history":[{"count":1,"href":"https:\/\/tecnologico.usac.edu.gt\/index.php?rest_route=\/wp\/v2\/pages\/833\/revisions"}],"predecessor-version":[{"id":834,"href":"https:\/\/tecnologico.usac.edu.gt\/index.php?rest_route=\/wp\/v2\/pages\/833\/revisions\/834"}],"wp:attachment":[{"href":"https:\/\/tecnologico.usac.edu.gt\/index.php?rest_route=%2Fwp%2Fv2%2Fmedia&parent=833"}],"curies":[{"name":"wp","href":"https:\/\/api.w.org\/{rel}","templated":true}]}}