{"id":616,"date":"2020-08-19T07:13:26","date_gmt":"2020-08-19T07:13:26","guid":{"rendered":"http:\/\/tecnologico.usac.edu.gt\/?page_id=616"},"modified":"2021-01-05T01:20:55","modified_gmt":"2021-01-05T01:20:55","slug":"our-produce-2","status":"publish","type":"page","link":"https:\/\/tecnologico.usac.edu.gt\/?page_id=616","title":{"rendered":"T\u00e9cnico Universitario den Procesos de Manufactura"},"content":{"rendered":"\n<figure class=\"wp-block-gallery columns-1 is-cropped wp-block-gallery-1 is-layout-flex wp-block-gallery-is-layout-flex\"><ul class=\"blocks-gallery-grid\"><li class=\"blocks-gallery-item\"><figure><a href=\"http:\/\/tecnologico.usac.edu.gt\/wp-content\/uploads\/2021\/01\/PortaProcesosManu-1.png\"><img fetchpriority=\"high\" decoding=\"async\" width=\"1024\" height=\"463\" src=\"http:\/\/tecnologico.usac.edu.gt\/wp-content\/uploads\/2021\/01\/PortaProcesosManu-1-1024x463.png\" alt=\"\" data-id=\"824\" data-full-url=\"http:\/\/tecnologico.usac.edu.gt\/wp-content\/uploads\/2021\/01\/PortaProcesosManu-1.png\" data-link=\"http:\/\/tecnologico.usac.edu.gt\/?attachment_id=824\" class=\"wp-image-824\" srcset=\"https:\/\/tecnologico.usac.edu.gt\/wp-content\/uploads\/2021\/01\/PortaProcesosManu-1-1024x463.png 1024w, https:\/\/tecnologico.usac.edu.gt\/wp-content\/uploads\/2021\/01\/PortaProcesosManu-1-300x136.png 300w, https:\/\/tecnologico.usac.edu.gt\/wp-content\/uploads\/2021\/01\/PortaProcesosManu-1-768x347.png 768w, https:\/\/tecnologico.usac.edu.gt\/wp-content\/uploads\/2021\/01\/PortaProcesosManu-1-1536x694.png 1536w, https:\/\/tecnologico.usac.edu.gt\/wp-content\/uploads\/2021\/01\/PortaProcesosManu-1.png 1802w\" sizes=\"(max-width: 1024px) 100vw, 1024px\" \/><\/a><\/figure><\/li><\/ul><\/figure>\n\n\n\n<div class=\"wp-block-group alignfull\"><div class=\"wp-block-group__inner-container is-layout-flow wp-block-group-is-layout-flow\">\n<div class=\"wp-block-columns is-layout-flex wp-container-core-columns-is-layout-1 wp-block-columns-is-layout-flex\">\n<div class=\"wp-block-column is-layout-flow wp-block-column-is-layout-flow\">\n<h2 class=\"wp-block-heading\">Perfil Profesional<\/h2>\n<\/div>\n\n\n\n<div class=\"wp-block-column is-layout-flow wp-block-column-is-layout-flow\">\n<p>El egresado es una persona con alto sentido de responsabilidad, capacidad de an\u00e1lisis y esp\u00edritu de trabajo en equipo. T\u00e9cnico universitario, que conocer\u00e1 y aplicar\u00e1 la teor\u00eda y pr\u00e1ctica en los procesos industriales y de diversas tecnolog\u00edas de transformaci\u00f3n de materiales, mediante el conocimiento detallado de procesos de manufactura, tendr\u00e1 las habilidades necesarias para seleccionar y proyectar distintos productos industriales, utilizar\u00e1 correctamente por lo menos un paquete de software para dibujo por computadora que utilizar\u00e1 para el dise\u00f1o y diagramaci\u00f3n de partes, piezas y conjuntos de maquinaria.<br><\/p>\n<\/div>\n\n\n\n<div class=\"wp-block-column is-layout-flow wp-block-column-is-layout-flow\">\n<p>El T\u00e9cnico Universitario en Procesos de Manufactura estar\u00e1 en capacidad de atender las necesidades de desarrollo que demanda el pa\u00eds, ya que estar\u00e1 facultado para llevar a cabo las siguientes actividades:<br>\u2022 Planea y dirige el trabajo de grupos humanos, capacit\u00e1ndoles para el desempe\u00f1o de sus tareas.<br>\u2022 Maneja eficientemente diferentes equipos; maquinaria y herramental requeridos para el maquinado y fabricaci\u00f3n de piezas mediante un variado n\u00famero de procesos, considerando los dem\u00e1s elementos que interfieren en el proceso de producci\u00f3n para hacerlo eficiente.<br>\u2022 Conoce detalladamente el proceso de manufactura.<br>\u2022 Conoce sobre dise\u00f1o, utilizaci\u00f3n y fabricaci\u00f3n de herramentales.<br>\u2022 Aplica herramientas para la automatizaci\u00f3n de procesos productivos, tales como: dise\u00f1o, manufactura e ingenier\u00eda; apoyadas por computadora.<\/p>\n<\/div>\n<\/div>\n<\/div><\/div>\n\n\n\n<div class=\"wp-block-columns is-layout-flex wp-container-core-columns-is-layout-2 wp-block-columns-is-layout-flex\">\n<div class=\"wp-block-column is-layout-flow wp-block-column-is-layout-flow\"><\/div>\n\n\n\n<div class=\"wp-block-column is-layout-flow wp-block-column-is-layout-flow\"><\/div>\n\n\n\n<div class=\"wp-block-column is-layout-flow wp-block-column-is-layout-flow\"><\/div>\n<\/div>\n\n\n\n<div class=\"wp-block-group alignfull\"><div class=\"wp-block-group__inner-container is-layout-flow wp-block-group-is-layout-flow\">\n<div class=\"wp-block-media-text alignwide is-stacked-on-mobile is-vertically-aligned-center\" style=\"grid-template-columns:60% auto\"><figure class=\"wp-block-media-text__media\"><img decoding=\"async\" width=\"293\" height=\"600\" src=\"http:\/\/tecnologico.usac.edu.gt\/wp-content\/uploads\/2021\/01\/5.png\" alt=\"\" class=\"wp-image-817 size-full\" srcset=\"https:\/\/tecnologico.usac.edu.gt\/wp-content\/uploads\/2021\/01\/5.png 293w, https:\/\/tecnologico.usac.edu.gt\/wp-content\/uploads\/2021\/01\/5-147x300.png 147w\" sizes=\"(max-width: 293px) 100vw, 293px\" \/><\/figure><div class=\"wp-block-media-text__content\">\n<h2 class=\"wp-block-heading\">PERFIL DE INGRESO<\/h2>\n\n\n\n<p><br>Requiere que el estudiante en calidad de alumno regular posea a su ingreso como m\u00ednimo el t\u00edtulo del nivel medio avalado por el Ministerio de Educaci\u00f3n.<br>Para poder ingresar a la carrera T\u00e9cnica Universitaria en Procesos de Manufactura, (que se imparte) en el Instituto Tecnol\u00f3gico Guatemala Sur la persona interesada debe poseer las siguientes caracter\u00edsticas:<br>\u2022 Conocimientos fundamentales correspondientes a las \u00e1reas de F\u00edsica y Matem\u00e1ticas.<br>\u2022 Inter\u00e9s por la resoluci\u00f3n de problemas as\u00ed como por el trabajo con metodolog\u00edas de planeaci\u00f3n y organizaci\u00f3n en m\u00e1quinasherramientas.<br>\u2022 Aptitudes de razonamiento con elementos mec\u00e1nicos, en la resoluci\u00f3n de problemas.<br>\u2022 Facilidad para razonar con conceptos verbales.<br>\u2022 Razonamiento gr\u00e1fico visualizando representaciones.<br>\u2022 Calidad humana que promueva valores.<br>\u2022 Tenacidad para el logro de sus metas.<br>\u2022 Permanente deseo de superaci\u00f3n.<br>\u2022 H\u00e1bitos de estudio.<br>\u2022 Capacidad de trabajo en equipo.<br>\u2022 Habilidades para la creaci\u00f3n e innovaci\u00f3n.<br>\u2022 Capacidad de abstracci\u00f3n, an\u00e1lisis y s\u00edntesis.<br>\u2022 Capacidad de aplicar los conocimientos en la pr\u00e1ctica.<br>\u2022 Capacidad para organizar y planificar el tiempo.<br>\u2022 Conocimientos sobre el \u00e1rea de estudio y la profesi\u00f3n.\u2022 Habilidades en el uso de herramientas tecnol\u00f3gicas en informaci\u00f3n y comunicaci\u00f3n.<br>\u2022 Capacidad de investigaci\u00f3n.<br>\u2022 Capacidad de aprender y actualizarse permanentemente.<br>\u2022 Capacidad para identificar, plantear y resolver problemas.<br>\u2022 Capacidad para tomar decisiones.<br>\u2022 Capacidad para motivar y conducir hacia metas comunes.<br>\u2022 Compromiso con la preservaci\u00f3n del medio ambiente.<br>\u2022 Compromiso \u00e9tico.<br>\u2022 Compromiso con la calidad<\/p>\n<\/div><\/div>\n\n\n\n<div style=\"height:80px\" aria-hidden=\"true\" class=\"wp-block-spacer\"><\/div>\n\n\n\n<div class=\"wp-block-media-text alignfull is-stacked-on-mobile is-vertically-aligned-center\" style=\"grid-template-columns:60% auto\"><figure class=\"wp-block-media-text__media\"><img decoding=\"async\" width=\"379\" height=\"600\" src=\"http:\/\/tecnologico.usac.edu.gt\/wp-content\/uploads\/2021\/01\/4.png\" alt=\"\" class=\"wp-image-818 size-full\" srcset=\"https:\/\/tecnologico.usac.edu.gt\/wp-content\/uploads\/2021\/01\/4.png 379w, https:\/\/tecnologico.usac.edu.gt\/wp-content\/uploads\/2021\/01\/4-190x300.png 190w\" sizes=\"(max-width: 379px) 100vw, 379px\" \/><\/figure><div class=\"wp-block-media-text__content\">\n<h2 class=\"wp-block-heading\">PERFIL DE EGRESO<\/h2>\n\n\n\n<p>Ocupacional<br>El especialista en esta \u00e1rea tiene como campo de trabajo el sector industrial en su rama de producci\u00f3n, su funci\u00f3n principal ser\u00e1 participar en \u00e1reas productivas de la siguiente manera:<br>\u2022 Realizar actividades en diversas \u00e1reas del sector productivo, como dirigente a nivel profesional, responsable de la operaci\u00f3n completa de un (peque\u00f1o) centro productivo, empresas de servicios, de instalaci\u00f3n y mantenimiento de maquinaria y equipo.<br>\u2022 Presta servicios de asesor\u00eda y consultor\u00eda t\u00e9cnica en el \u00e1rea de manufactura, o bien, crea su propia empresa.<br>\u2022 Lidera grupos de trabajo en procesos de producci\u00f3n.<br>\u2022 Coordina departamentos de manufactura de diversas empresas.<br>\u2022 Supervisa la fabricaci\u00f3n de piezas en diferentes l\u00edneas de producci\u00f3n.<br>Su trabajo generalmente se ubica en las l\u00edneas de producci\u00f3n, donde tendr\u00e1 contacto directo con el personal adscrito a ella, lo que le facilitar\u00e1 desarrollar las habilidades requeridas para efectuar una selecci\u00f3n apropiada de herramientas y equipo as\u00ed como la toma adecuada de decisiones.<br>Los egresados del T\u00e9cnico Universitario en Procesos de Manufactura pueden laborar en la industria automotriz, textil, de alimentos, metalmec\u00e1nica.<\/p>\n<\/div><\/div>\n\n\n\n<div style=\"height:80px\" aria-hidden=\"true\" class=\"wp-block-spacer\"><\/div>\n<\/div><\/div>\n\n\n\n<div class=\"wp-block-group alignfull has-background is-layout-flow wp-block-group-is-layout-flow\" style=\"background-color:#f8f7f2\"><div class=\"wp-block-group__inner-container\"><\/div><\/div>\n\n\n\n<div class=\"wp-block-cover alignfull has-background-dim-80 has-background-dim\" style=\"background-image:url(https:\/\/tecnologico.usac.edu.gt\/wp-content\/uploads\/2020\/11\/supscri.jpg);background-color:#181e19;min-height:450px;aspect-ratio:unset;\"><div class=\"wp-block-cover__inner-container is-layout-flow wp-block-cover-is-layout-flow\">\n<h2 class=\"has-text-align-center has-white-color has-text-color wp-block-heading\">Di\u00e1logos educativos<\/h2>\n\n\n\n<p class=\"has-text-align-center\">Te invitamos a ser parte de la comunidad del Tecnol\u00f3gico<\/p>\n\n\n<div class=\"wpforms-container wpforms-block inline-fields\" id=\"wpforms-411\"><form id=\"wpforms-form-411\" class=\"wpforms-validate wpforms-form\" data-formid=\"411\" method=\"post\" enctype=\"multipart\/form-data\" action=\"\/index.php?rest_route=%2Fwp%2Fv2%2Fpages%2F616\" data-token=\"7a7d28a2352ad139675a71e7a8be5532\" data-token-time=\"1778619511\"><noscript class=\"wpforms-error-noscript\">Por favor, activa JavaScript en tu navegador para completar este formulario.<\/noscript><div class=\"wpforms-field-container\"><div id=\"wpforms-411-field_1-container\" class=\"wpforms-field wpforms-field-email\" data-field-id=\"1\"><label class=\"wpforms-field-label wpforms-label-hide\" for=\"wpforms-411-field_1\">Email <span class=\"wpforms-required-label\">*<\/span><\/label><input type=\"email\" id=\"wpforms-411-field_1\" class=\"wpforms-field-large wpforms-field-required\" name=\"wpforms[fields][1]\" placeholder=\"Email address\" spellcheck=\"false\" required><\/div><\/div><!-- .wpforms-field-container --><div class=\"wpforms-field wpforms-field-hp\"><label for=\"wpforms-411-field-hp\" class=\"wpforms-field-label\">Phone<\/label><input type=\"text\" name=\"wpforms[hp]\" id=\"wpforms-411-field-hp\" class=\"wpforms-field-medium\"><\/div><div class=\"wpforms-submit-container\" ><input type=\"hidden\" name=\"wpforms[id]\" value=\"411\"><input type=\"hidden\" name=\"page_title\" value=\"\"><input type=\"hidden\" name=\"page_url\" value=\"https:\/\/tecnologico.usac.edu.gt\/index.php?rest_route=\/wp\/v2\/pages\/616\"><input type=\"hidden\" name=\"url_referer\" value=\"\"><button type=\"submit\" name=\"wpforms[submit]\" id=\"wpforms-submit-411\" class=\"wpforms-submit\" data-alt-text=\"Sending...\" data-submit-text=\"Subscribe\" aria-live=\"assertive\" value=\"wpforms-submit\">Subscribe<\/button><\/div><\/form><\/div>  <!-- .wpforms-container --><\/div><\/div>\n","protected":false},"excerpt":{"rendered":"<p>Perfil Profesional El egresado es una persona con alto sentido de responsabilidad, capacidad de an\u00e1lisis y esp\u00edritu de trabajo en equipo. T\u00e9cnico universitario, que conocer\u00e1 y aplicar\u00e1 la teor\u00eda y pr\u00e1ctica en los procesos industriales y de diversas tecnolog\u00edas de transformaci\u00f3n de materiales, mediante el conocimiento detallado de procesos de manufactura, tendr\u00e1 las habilidades necesarias [&hellip;]<\/p>\n","protected":false},"author":1,"featured_media":0,"parent":0,"menu_order":0,"comment_status":"closed","ping_status":"closed","template":"","meta":{"site-sidebar-layout":"default","site-content-layout":"plain-container","ast-site-content-layout":"","site-content-style":"default","site-sidebar-style":"default","ast-global-header-display":"","ast-banner-title-visibility":"","ast-main-header-display":"","ast-hfb-above-header-display":"","ast-hfb-below-header-display":"","ast-hfb-mobile-header-display":"","site-post-title":"disabled","ast-breadcrumbs-content":"","ast-featured-img":"","footer-sml-layout":"","theme-transparent-header-meta":"enabled","adv-header-id-meta":"","stick-header-meta":"","header-above-stick-meta":"","header-main-stick-meta":"","header-below-stick-meta":"","astra-migrate-meta-layouts":"default","ast-page-background-enabled":"default","ast-page-background-meta":{"desktop":{"background-color":"","background-image":"","background-repeat":"repeat","background-position":"center center","background-size":"auto","background-attachment":"scroll","background-type":"","background-media":"","overlay-type":"","overlay-color":"","overlay-opacity":"","overlay-gradient":""},"tablet":{"background-color":"","background-image":"","background-repeat":"repeat","background-position":"center center","background-size":"auto","background-attachment":"scroll","background-type":"","background-media":"","overlay-type":"","overlay-color":"","overlay-opacity":"","overlay-gradient":""},"mobile":{"background-color":"","background-image":"","background-repeat":"repeat","background-position":"center center","background-size":"auto","background-attachment":"scroll","background-type":"","background-media":"","overlay-type":"","overlay-color":"","overlay-opacity":"","overlay-gradient":""}},"ast-content-background-meta":{"desktop":{"background-color":"var(--ast-global-color-5)","background-image":"","background-repeat":"repeat","background-position":"center center","background-size":"auto","background-attachment":"scroll","background-type":"","background-media":"","overlay-type":"","overlay-color":"","overlay-opacity":"","overlay-gradient":""},"tablet":{"background-color":"var(--ast-global-color-5)","background-image":"","background-repeat":"repeat","background-position":"center center","background-size":"auto","background-attachment":"scroll","background-type":"","background-media":"","overlay-type":"","overlay-color":"","overlay-opacity":"","overlay-gradient":""},"mobile":{"background-color":"var(--ast-global-color-5)","background-image":"","background-repeat":"repeat","background-position":"center center","background-size":"auto","background-attachment":"scroll","background-type":"","background-media":"","overlay-type":"","overlay-color":"","overlay-opacity":"","overlay-gradient":""}},"footnotes":""},"class_list":["post-616","page","type-page","status-publish","hentry"],"_links":{"self":[{"href":"https:\/\/tecnologico.usac.edu.gt\/index.php?rest_route=\/wp\/v2\/pages\/616","targetHints":{"allow":["GET"]}}],"collection":[{"href":"https:\/\/tecnologico.usac.edu.gt\/index.php?rest_route=\/wp\/v2\/pages"}],"about":[{"href":"https:\/\/tecnologico.usac.edu.gt\/index.php?rest_route=\/wp\/v2\/types\/page"}],"author":[{"embeddable":true,"href":"https:\/\/tecnologico.usac.edu.gt\/index.php?rest_route=\/wp\/v2\/users\/1"}],"replies":[{"embeddable":true,"href":"https:\/\/tecnologico.usac.edu.gt\/index.php?rest_route=%2Fwp%2Fv2%2Fcomments&post=616"}],"version-history":[{"count":2,"href":"https:\/\/tecnologico.usac.edu.gt\/index.php?rest_route=\/wp\/v2\/pages\/616\/revisions"}],"predecessor-version":[{"id":825,"href":"https:\/\/tecnologico.usac.edu.gt\/index.php?rest_route=\/wp\/v2\/pages\/616\/revisions\/825"}],"wp:attachment":[{"href":"https:\/\/tecnologico.usac.edu.gt\/index.php?rest_route=%2Fwp%2Fv2%2Fmedia&parent=616"}],"curies":[{"name":"wp","href":"https:\/\/api.w.org\/{rel}","templated":true}]}}