{"id":614,"date":"2020-08-19T07:12:16","date_gmt":"2020-08-19T07:12:16","guid":{"rendered":"http:\/\/tecnologico.usac.edu.gt\/?page_id=614"},"modified":"2023-02-02T17:06:11","modified_gmt":"2023-02-02T17:06:11","slug":"home-2","status":"publish","type":"page","link":"https:\/\/tecnologico.usac.edu.gt\/","title":{"rendered":"Noticias ITUGS"},"content":{"rendered":"\t\t<div data-elementor-type=\"wp-page\" data-elementor-id=\"614\" class=\"elementor elementor-614\">\n\t\t\t\t\t\t<section class=\"elementor-section elementor-top-section elementor-element elementor-element-49d9f46d elementor-section-boxed elementor-section-height-default elementor-section-height-default\" data-id=\"49d9f46d\" data-element_type=\"section\">\n\t\t\t\t\t\t<div class=\"elementor-container elementor-column-gap-default\">\n\t\t\t\t\t<div class=\"elementor-column elementor-col-100 elementor-top-column elementor-element elementor-element-7734d3fc\" data-id=\"7734d3fc\" data-element_type=\"column\">\n\t\t\t<div class=\"elementor-widget-wrap elementor-element-populated\">\n\t\t\t\t\t\t<div class=\"elementor-element elementor-element-2cf145a6 elementor-widget elementor-widget-text-editor\" data-id=\"2cf145a6\" data-element_type=\"widget\" data-widget_type=\"text-editor.default\">\n\t\t\t\t<div class=\"elementor-widget-container\">\n\t\t\t\t\t\t\t\t\t<p><\/p>\n<figure class=\"wp-block-gallery has-nested-images columns-default is-cropped wp-block-gallery-5 is-layout-flex wp-block-gallery-is-layout-flex\"><p><a href=\"https:\/\/tecnologico.usac.edu.gt\/wp-content\/uploads\/2022\/08\/1500x500-1.jpg\"><img fetchpriority=\"high\" decoding=\"async\" width=\"1500\" height=\"500\" data-id=\"946\" class=\"wp-image-946 aligncenter\" src=\"https:\/\/tecnologico.usac.edu.gt\/wp-content\/uploads\/2022\/08\/1500x500-1.jpg\" alt=\"\"><\/a><\/p>\n<p><\/p>\n<\/figure>\n<p><\/p>\n<p><\/p>\n<figure class=\"wp-block-gallery has-nested-images columns-default is-cropped wp-block-gallery-6 is-layout-flex wp-block-gallery-is-layout-flex\"><\/figure>\n<p><\/p>\n<p><\/p>\n<p class=\"has-large-font-size\">\n<\/p><p><\/p>\n<p><\/p>\n<figure class=\"wp-block-gallery has-nested-images columns-default is-cropped wp-block-gallery-7 is-layout-flex wp-block-gallery-is-layout-flex\"><\/p>\n<\/figure>\n<p><\/p>\n<p><\/p>\n<p><\/p>\n<p><\/p>\n<figure class=\"wp-block-gallery aligncenter has-nested-images columns-default is-cropped wp-block-gallery-8 is-layout-flex wp-block-gallery-is-layout-flex\"><\/p>\n<\/figure>\n<p><\/p>\n<p><\/p>\n<p><\/p>\n<p><\/p>\n<div class=\"inherit-container-width wp-block-group alignfull has-white-background-color has-background is-layout-constrained wp-block-group-is-layout-constrained\"><div class=\"wp-block-group__inner-container\">\n<p><\/p>\n<h6 class=\"has-text-align-center has-text-color wp-block-heading\" style=\"color: #56b259;\">Programaci\u00f2n<\/h6>\n<p><\/p>\n<p><\/p>\n<h2 class=\"has-text-align-center wp-block-heading\">Calendario<\/h2>\n<p><\/p>\n<p><\/p>\n<div class=\"wp-block-buttons is-horizontal is-content-justification-center is-layout-flex wp-container-core-buttons-is-layout-3 wp-block-buttons-is-layout-flex\">\n<p><\/p>\n<div class=\"wp-block-button\"><a class=\"wp-block-button__link\">Learn More<\/a><\/div>\n<p><\/p>\n<\/div>\n<p><\/p>\n<p><\/p>\n<div class=\"wp-block-columns alignwide are-vertically-aligned-top is-layout-flex wp-container-core-columns-is-layout-4 wp-block-columns-is-layout-flex\">\n<p><\/p>\n<div class=\"wp-block-column is-vertically-aligned-top is-layout-flow wp-block-column-is-layout-flow\" style=\"flex-basis: 50%;\">\n<p><\/p>\n<p>Actividades:<\/p>\n<p><\/p>\n<\/div>\n<p><\/p>\n<p><\/p>\n<div class=\"wp-block-column is-vertically-aligned-top is-layout-flow wp-block-column-is-layout-flow\" style=\"flex-basis: 25%;\">\n<p><\/p>\n<ul class=\"wp-block-list\">\n<li>Inscripci\u00f3n<\/li>\n<li>Carrera<\/li>\n<li><span style=\"font-size: 1rem;\">Charla Informativa<\/span><\/li>\n<\/ul>\n<p><\/p>\n<\/div>\n<p><\/p>\n<p><\/p>\n<div class=\"wp-block-column is-vertically-aligned-top is-layout-flow wp-block-column-is-layout-flow\" style=\"flex-basis: 25%;\">\n<p><\/p>\n<ul class=\"wp-block-list\">\n<li>Ex\u00e1menes<\/li>\n<li><span style=\"font-size: 1rem;\">Graduaci\u00f3n<\/span><\/li>\n<\/ul>\n<p><\/p>\n<\/div>\n<p><\/p>\n<\/div>\n<p><\/p>\n<\/div><\/div>\n<p><\/p>\n<p><\/p>\n<div class=\"inherit-container-width wp-block-group alignfull has-background is-layout-constrained wp-block-group-is-layout-constrained\" style=\"background-color: #f8f7f2;\"><div class=\"wp-block-group__inner-container\">\n<p><\/p>\n<h6 class=\"has-text-align-center has-text-color wp-block-heading\" style=\"color: #56b259;\">OUR STORY<\/h6>\n<p><\/p>\n<p><\/p>\n<h2 class=\"has-text-align-center wp-block-heading\"><a href=\"https:\/\/tecnologico.usac.edu.gt\/?page_id=8\" data-type=\"URL\" data-id=\"https:\/\/tecnologico.usac.edu.gt\/?page_id=8\">Descargas<\/a><\/h2>\n<p><\/p>\n<p><\/p>\n<div class=\"wp-block-buttons is-horizontal is-content-justification-center is-layout-flex wp-container-core-buttons-is-layout-4 wp-block-buttons-is-layout-flex\">\n<p><\/p>\n<div class=\"wp-block-button\"><a class=\"wp-block-button__link\">View All<\/a><\/div>\n<p><\/p>\n<\/div>\n<p><\/p>\n<p><\/p>\n<div class=\"wp-block-columns alignwide is-layout-flex wp-container-core-columns-is-layout-5 wp-block-columns-is-layout-flex\">\n<p><\/p>\n<div class=\"wp-block-column is-layout-flow wp-block-column-is-layout-flow\">\n<p><\/p>\n<div class=\"inherit-container-width wp-block-group alignfull has-white-background-color has-background is-layout-constrained wp-block-group-is-layout-constrained\"><div class=\"wp-block-group__inner-container\">\n<p><\/p>\n<figure class=\"wp-block-image aligncenter size-large is-style-rounded\"><a href=\"https:\/\/tecnologico.usac.edu.gt\/?page_id=8\"><img decoding=\"async\" width=\"200\" height=\"200\" class=\"wp-image-762\" src=\"http:\/\/tecnologico.usac.edu.gt\/wp-content\/uploads\/2020\/11\/d1.png\" alt=\"\" srcset=\"https:\/\/tecnologico.usac.edu.gt\/wp-content\/uploads\/2020\/11\/d1.png 200w, https:\/\/tecnologico.usac.edu.gt\/wp-content\/uploads\/2020\/11\/d1-150x150.png 150w\" sizes=\"(max-width: 200px) 100vw, 200px\" \/><\/a><\/figure>\n<p><\/p>\n<p><\/p>\n<p class=\"has-text-align-center\"><a href=\"https:\/\/tecnologico.usac.edu.gt\/?page_id=8\" data-type=\"URL\" data-id=\"https:\/\/tecnologico.usac.edu.gt\/?page_id=8\">Redes de Estudios<\/a><\/p>\n<p><\/p>\n<p><\/p>\n<h5 class=\"has-text-align-center wp-block-heading\">ITUGS<\/h5>\n<p><\/p>\n<\/div><\/div>\n<p><\/p>\n<\/div>\n<p><\/p>\n<p><\/p>\n<div class=\"wp-block-column is-layout-flow wp-block-column-is-layout-flow\">\n<p><\/p>\n<div class=\"inherit-container-width wp-block-group alignfull has-white-background-color has-background is-layout-constrained wp-block-group-is-layout-constrained\"><div class=\"wp-block-group__inner-container\">\n<p><\/p>\n<figure class=\"wp-block-image aligncenter size-large is-style-rounded\"><a href=\"https:\/\/tecnologico.usac.edu.gt\/?page_id=8\"><img decoding=\"async\" width=\"200\" height=\"200\" class=\"wp-image-764\" src=\"https:\/\/tecnologico.usac.edu.gt\/wp-content\/uploads\/2020\/11\/d2.png\" alt=\"\" srcset=\"https:\/\/tecnologico.usac.edu.gt\/wp-content\/uploads\/2020\/11\/d2.png 200w, https:\/\/tecnologico.usac.edu.gt\/wp-content\/uploads\/2020\/11\/d2-150x150.png 150w\" sizes=\"(max-width: 200px) 100vw, 200px\" \/><\/a><\/figure>\n<p><\/p>\n<p><\/p>\n<p class=\"has-text-align-center\"><a href=\"https:\/\/tecnologico.usac.edu.gt\/?page_id=8\" data-type=\"URL\" data-id=\"https:\/\/tecnologico.usac.edu.gt\/?page_id=8\">Redes de Estudio <\/a><\/p>\n<p><\/p>\n<p><\/p>\n<h5 class=\"has-text-align-center wp-block-heading\">Maestria BigData<\/h5>\n<p><\/p>\n<\/div><\/div>\n<p><\/p>\n<\/div>\n<p><\/p>\n<\/div>\n<p><\/p>\n<p><\/p>\n<div class=\"wp-block-columns alignwide is-layout-flex wp-container-core-columns-is-layout-6 wp-block-columns-is-layout-flex\">\n<p><\/p>\n<div class=\"wp-block-column is-layout-flow wp-block-column-is-layout-flow\">\n<p><\/p>\n<div class=\"inherit-container-width wp-block-group alignfull has-white-background-color has-background is-layout-constrained wp-block-group-is-layout-constrained\"><div class=\"wp-block-group__inner-container\">\n<p><\/p>\n<figure class=\"wp-block-image aligncenter size-large is-style-rounded\"><a href=\"https:\/\/tecnologico.usac.edu.gt\/wp-content\/uploads\/2020\/11\/d3.png\"><img loading=\"lazy\" decoding=\"async\" width=\"200\" height=\"200\" class=\"wp-image-765\" src=\"https:\/\/tecnologico.usac.edu.gt\/wp-content\/uploads\/2020\/11\/d3.png\" alt=\"\" srcset=\"https:\/\/tecnologico.usac.edu.gt\/wp-content\/uploads\/2020\/11\/d3.png 200w, https:\/\/tecnologico.usac.edu.gt\/wp-content\/uploads\/2020\/11\/d3-150x150.png 150w\" sizes=\"(max-width: 200px) 100vw, 200px\" \/><\/a><\/figure>\n<p><\/p>\n<p><\/p>\n<p class=\"has-text-align-center\">Reglamentos<\/p>\n<p><\/p>\n<p><\/p>\n<h5 class=\"has-text-align-center wp-block-heading\">ITUGS<\/h5>\n<p><\/p>\n<\/div><\/div>\n<p><\/p>\n<\/div>\n<p><\/p>\n<p><\/p>\n<div class=\"wp-block-column is-layout-flow wp-block-column-is-layout-flow\">\n<p><\/p>\n<div class=\"inherit-container-width wp-block-group alignfull has-white-background-color has-background is-layout-constrained wp-block-group-is-layout-constrained\"><div class=\"wp-block-group__inner-container\">\n<p><\/p>\n<figure class=\"wp-block-image aligncenter size-large is-style-rounded\"><a href=\"https:\/\/tecnologico.usac.edu.gt\/wp-content\/uploads\/2020\/11\/d4.png\"><img loading=\"lazy\" decoding=\"async\" width=\"200\" height=\"200\" class=\"wp-image-766\" src=\"https:\/\/tecnologico.usac.edu.gt\/wp-content\/uploads\/2020\/11\/d4.png\" alt=\"\" srcset=\"https:\/\/tecnologico.usac.edu.gt\/wp-content\/uploads\/2020\/11\/d4.png 200w, https:\/\/tecnologico.usac.edu.gt\/wp-content\/uploads\/2020\/11\/d4-150x150.png 150w\" sizes=\"(max-width: 200px) 100vw, 200px\" \/><\/a><\/figure>\n<p><\/p>\n<p><\/p>\n<p class=\"has-text-align-center\">Inscripci\u00f3n<\/p>\n<p><\/p>\n<p><\/p>\n<h5 class=\"has-text-align-center wp-block-heading\">Postgrados<\/h5>\n<p><\/p>\n<\/div><\/div>\n<p><\/p>\n<\/div>\n<p><\/p>\n<\/div>\n<p><\/p>\n<\/div><\/div>\n<p><\/p>\n<p><\/p>\n<p><\/p>\t\t\t\t\t\t\t\t<\/div>\n\t\t\t\t<\/div>\n\t\t\t\t\t<\/div>\n\t\t<\/div>\n\t\t\t\t\t<\/div>\n\t\t<\/section>\n\t\t\t\t<\/div>\n\t\t","protected":false},"excerpt":{"rendered":"<p>Programaci\u00f2n Calendario Actividades: Inscripci\u00f3n Carrera Charla Informativa Ex\u00e1menes Graduaci\u00f3n OUR STORY Descargas Redes de Estudios ITUGS Redes de Estudio Maestria BigData Reglamentos ITUGS Inscripci\u00f3n Postgrados<\/p>\n","protected":false},"author":1,"featured_media":0,"parent":0,"menu_order":0,"comment_status":"closed","ping_status":"closed","template":"","meta":{"site-sidebar-layout":"default","site-content-layout":"plain-container","ast-site-content-layout":"","site-content-style":"default","site-sidebar-style":"default","ast-global-header-display":"","ast-banner-title-visibility":"","ast-main-header-display":"","ast-hfb-above-header-display":"","ast-hfb-below-header-display":"","ast-hfb-mobile-header-display":"","site-post-title":"disabled","ast-breadcrumbs-content":"","ast-featured-img":"","footer-sml-layout":"","theme-transparent-header-meta":"enabled","adv-header-id-meta":"","stick-header-meta":"","header-above-stick-meta":"","header-main-stick-meta":"","header-below-stick-meta":"","astra-migrate-meta-layouts":"default","ast-page-background-enabled":"default","ast-page-background-meta":{"desktop":{"background-color":"","background-image":"","background-repeat":"repeat","background-position":"center center","background-size":"auto","background-attachment":"scroll","background-type":"","background-media":"","overlay-type":"","overlay-color":"","overlay-opacity":"","overlay-gradient":""},"tablet":{"background-color":"","background-image":"","background-repeat":"repeat","background-position":"center center","background-size":"auto","background-attachment":"scroll","background-type":"","background-media":"","overlay-type":"","overlay-color":"","overlay-opacity":"","overlay-gradient":""},"mobile":{"background-color":"","background-image":"","background-repeat":"repeat","background-position":"center center","background-size":"auto","background-attachment":"scroll","background-type":"","background-media":"","overlay-type":"","overlay-color":"","overlay-opacity":"","overlay-gradient":""}},"ast-content-background-meta":{"desktop":{"background-color":"var(--ast-global-color-5)","background-image":"","background-repeat":"repeat","background-position":"center center","background-size":"auto","background-attachment":"scroll","background-type":"","background-media":"","overlay-type":"","overlay-color":"","overlay-opacity":"","overlay-gradient":""},"tablet":{"background-color":"var(--ast-global-color-5)","background-image":"","background-repeat":"repeat","background-position":"center center","background-size":"auto","background-attachment":"scroll","background-type":"","background-media":"","overlay-type":"","overlay-color":"","overlay-opacity":"","overlay-gradient":""},"mobile":{"background-color":"var(--ast-global-color-5)","background-image":"","background-repeat":"repeat","background-position":"center center","background-size":"auto","background-attachment":"scroll","background-type":"","background-media":"","overlay-type":"","overlay-color":"","overlay-opacity":"","overlay-gradient":""}},"footnotes":""},"class_list":["post-614","page","type-page","status-publish","hentry"],"_links":{"self":[{"href":"https:\/\/tecnologico.usac.edu.gt\/index.php?rest_route=\/wp\/v2\/pages\/614","targetHints":{"allow":["GET"]}}],"collection":[{"href":"https:\/\/tecnologico.usac.edu.gt\/index.php?rest_route=\/wp\/v2\/pages"}],"about":[{"href":"https:\/\/tecnologico.usac.edu.gt\/index.php?rest_route=\/wp\/v2\/types\/page"}],"author":[{"embeddable":true,"href":"https:\/\/tecnologico.usac.edu.gt\/index.php?rest_route=\/wp\/v2\/users\/1"}],"replies":[{"embeddable":true,"href":"https:\/\/tecnologico.usac.edu.gt\/index.php?rest_route=%2Fwp%2Fv2%2Fcomments&post=614"}],"version-history":[{"count":45,"href":"https:\/\/tecnologico.usac.edu.gt\/index.php?rest_route=\/wp\/v2\/pages\/614\/revisions"}],"predecessor-version":[{"id":978,"href":"https:\/\/tecnologico.usac.edu.gt\/index.php?rest_route=\/wp\/v2\/pages\/614\/revisions\/978"}],"wp:attachment":[{"href":"https:\/\/tecnologico.usac.edu.gt\/index.php?rest_route=%2Fwp%2Fv2%2Fmedia&parent=614"}],"curies":[{"name":"wp","href":"https:\/\/api.w.org\/{rel}","templated":true}]}}